{"id":20,"date":"2017-09-29T11:45:26","date_gmt":"2017-09-29T09:45:26","guid":{"rendered":"http:\/\/www.dwarsloeper.org\/wordpress\/?page_id=20"},"modified":"2018-08-20T12:11:38","modified_gmt":"2018-08-20T10:11:38","slug":"wir-ueber-uns","status":"publish","type":"page","link":"https:\/\/www.dwarsloeper.org\/wordpress\/wir-ueber-uns\/","title":{"rendered":"Wir \u00fcber uns"},"content":{"rendered":"<p>Fast 30 Millionen Pfadfinder rund um den Globus treffen sich allw\u00f6chentlich und sind damit die gr\u00f6\u00dfte Jugendbewegung der Welt. \u00dcber 100 Jahre alt ist die Idee der Pfadfinderei und hat trotzdem nichts von ihrer Anziehungskraft verloren &#8211; sie ist so jung und so zeitgem\u00e4\u00df wie die j\u00fcngsten Mitglieder, die diese Idee ausf\u00fcllen und gestalten.<\/p>\n<p>Seit ihrer Gr\u00fcndung dem Frieden verpflichtet, findet die Pfadfinderbewegung ihren Ausdruck bewusst in einer internationalen Solidarit\u00e4t. Grundlage des Pfadfindertums sind die Pfadfinderregeln mit ihren als Zielvorstellungen formulierten moralischen Werten &#8211; von Au\u00dfenstehenden h\u00e4ufig bel\u00e4chelt und unzureichend auf die &#8222;Gute Tat&#8220; reduziert. Ohne diese Werte sind erf\u00fcllende zwischenmenschliche Beziehungen jedoch nicht m\u00f6glich. Die <b>freiwillige<\/b> Verpflichtung auf diese Werte durch das Versprechen besitzt einen hohen Wirkungsgrad.<\/p>\n<p>Der <i><b>Seepfadfinderstamm Dwarsl\u00f6per (SPSD)<\/b><\/i> ist eine \u00fcberkonfessionelle und parteipolitisch unabh\u00e4ngige Pfadfindergruppe, die &#8211; als gemeinn\u00fctzig und f\u00f6rderungsw\u00fcrdig anerkannt &#8211; in den jeweiligen Jugendringen mitarbeitet. Dar\u00fcberhinaus ist sie \u00fcber den Turn- und Sportbund der Hansestadt L\u00fcbeck dem Landessportverband angeschlossen.<\/p>\n<p>Im Unterschied zu anderen Pfadfindergruppen besch\u00e4ftigt sich der<i><b> Seepfadfinderstamm Dwarsl\u00f6per<\/b><\/i> <i><b>(SPSD) <\/b><\/i>schwerpunktm\u00e4\u00dfig mit dem Segeln, dem &#8222;Abenteuer vor der Haust\u00fcr&#8220;. Neben dem sportlichen Wettbewerb des <i>Regattasegelns<\/i> kennzeichnen besonders Kooperation, Toleranz und Hilfsbereitschaft unser <i>Fahrtensegeln<\/i>.<\/p>\n<p>Um der Entwicklung und den Interessen der Stammesangeh\u00f6rigen besser gerecht zu werden, unterteilt sich der Stamm in Altersstufen:<\/p>\n<p>Die <i><b>W\u00f6lflinge<\/b><\/i> sind die ca. sieben- bis neunj\u00e4hrigen Stammesmitglieder. Die M\u00e4dchen und Jungen haben die Spielidee ihres Miteinanders, den Namen und andere Begriffe aus dem &#8222;Dschungelbuch&#8220; von R. Kipling entnommen. Diese Spielidee ihrer Gruppe, der &#8222;Meute&#8220;, setzt den Rahmen f\u00fcr das spielerische Entwickeln von Phantasie und Kreativit\u00e4t, von K\u00f6rper- und Willensbeherrschung und f\u00fcr soziales Lernen.<\/p>\n<p><i><b>Trolle<\/b><\/i> nennen sich die Zehn- bis Zw\u00f6lfj\u00e4hrigen. Sie sind ein wilder, fr\u00f6hlicher, spr\u00fchender Haufen, voller Tatendurst und Neugier, das Leben endlich in den Griff zu kriegen; aber bereit, nach bestimmten Spielregeln zu leben.Auch sie lernen fr\u00fchzeitig, mit den Elementen Wasser und Wind umzugehen, und gegebenenfalls &#8222;dem Teufel ein Ohr abzusegeln&#8220; &#8211; Singen, Basteln, Wettspiele und Zeltn\u00e4chte sind bei ihnen sehr beliebt.<\/p>\n<p>Die dreizehn- bis achtzehnj\u00e4hrigen <i><b>Pfadfinder<\/b><\/i> schlie\u00dfen sich zu &#8222;Backschaften&#8220; zusammen. (Jungen und M\u00e4dchen auch zwecks &#8222;Emanzipation&#8220; gelegentlich in getrennten Gruppen)Je nach Reifegrad und mit wachsender Selbst\u00e4ndigkeit sind die verschiedensten Aktivit\u00e4ten denkbar. Segelausbildung auf Optimisten, Jollen und Segelkuttern sowie Segelt\u00f6rns stillen den Erlebnishunger und \u00fcben in Selbstverantwortung. Der Kampf mit Wind, Wogen und Wetter sind ein selbstverst\u00e4ndliches Muss.<\/p>\n<p>Im Gegensatz zur satten, zufriedenen Fernsehgesellschaft sind sie am Wochenende und in den Ferien auf eigene Faust unterwegs, wo man noch selber erleben und gestalten kann.<\/p>\n<p>Unterkunft und Zuhause ist der Segelkutter oder das schwarze Feuerzelt, die Kohte. Mittelpunkt ist die vertraute Gemeinschaft der Freunde in der Geborgenheit des Stammes, eine selbstgew\u00e4hlte gro\u00dfe &#8222;Familie&#8220;, ein &#8222;Bund&#8220; Gleichgesinnter.<\/p>\n<p>Das musische Geschehen ist ein wesentlicher Teilbereich des Gruppenlebens. Ob Singen und Musizieren, ob auf musisch-handwerklichem Gebiet oder ob mit Bildern, Worten und Bewegung: das Musische erschlie\u00dft eine andere Qualit\u00e4t des Miteinanders.<\/p>\n<p>W\u00e4hrend bei den kleinen W\u00f6lflingen noch das Spiel im Vordergrund steht, tritt bei den anderen Altersstufen immer mehr der bewusste Wille zur Leistung hinzu. Ein abgestuftes Ausbildungssystem vermittelt die notwendigen Kenntnisse f\u00fcr das Handwerk des Seepfadfinders.<\/p>\n<p>&nbsp;<\/p>\n<p>Die \u00fcber Achtzehnj\u00e4hrigen entscheiden sich bewusst erneut f\u00fcr den<i><b> Seepfadfinderstamm Dwarsl\u00f6per (SPSD) <\/b><\/i>und bilden damit als Erwachsene das R\u00fcckgrat des Vereins. Freundschaftlich verbunden, verwirklichen sie durch ihre Haltung das &#8222;Lebenspfadfindertum&#8220;, eine Lebenseinstellung, die nicht an Altersgrenzen gebunden ist.<\/p>\n<p>Zusammen mit der Methode der fortschreitend selbstverantwortlichen Kleingruppen, die so wichtig f\u00fcr die Selbsterfahrung und die Selbstverwirklichung des Einzelnen sind, bietet das Zusammenwirken aller Altersstufen in der gr\u00f6\u00dferen Gemeinschaft des &#8222;Vereins&#8220; die M\u00f6glichkeit, demokratische, partnerschaftliche Verhaltensweisen zu trainieren und so Lernerfahrungen zu gewinnen, die f\u00fcr das Alltagsleben direkt verwertbar sind.<\/p>\n<p>So steht f\u00fcr die J\u00fcngeren die &#8222;seepfadfinderische&#8220; Erziehung mit und durch ihre ganz eigene Erlebniswelt und Vielfalt als dritte S\u00e4ule bewusster Erziehung neben Elternhaus und Schule.<\/p>\n<p>F\u00fcr die \u00c4lteren und die Erwachsenen bietet die &#8222;seepfadfinderische&#8220; Erlebniswelt eine immer wieder neue M\u00f6glichkeit zur Pers\u00f6nlichkeitsbildung und zur Selbstfindung. Das Lernen f\u00fcr und durch die See l\u00e4\u00dft abstrakte Begriffe wie &#8222;Gemeinschaft&#8220; zu konkreten, fa\u00dfbaren, lebenserhaltenden Werten und Inhalten werden.<\/p>\n<p>Die gelebte Gemeinschaft des <i><b>Seepfadfinderstamm Dwarsl\u00f6per e.V. (SPSD) <\/b><\/i>wird gepr\u00e4gt durch das Verantwortungsbewu\u00dftsein, das Engagement, die Zuverl\u00e4ssigkeit, den Verst\u00e4ndigungswillen und die Toleranz eines jeden einzelnen. Sie bietet die M\u00f6glichkeit langfristiger Bindung und m\u00f6chte ein Gef\u00fchl der Geborgenheit und des Angenommenseins geben.<\/p>\n<p>&nbsp;<\/p>\n<p><b>Die Erkl\u00e4rung des Wortes &#8222;Dwarsl\u00f6per&#8220;<\/b><\/p>\n<p>Das Wort &#8222;Dwarsl\u00f6per&#8220; kommt aus dem plattdeutschen und hei\u00dft soviel wie &#8222;Querl\u00e4ufer&#8220; (denn dwars = quer). Das ist zum einen der Name einer <b>Krebsart<\/b>. Diese hei\u00dfen so, weil sie nur seitw\u00e4rts laufen k\u00f6nnen.<\/p>\n<p>Zum anderen hei\u00dft auch eine <b>Wellenformation<\/b> im Wasser so, und zwar wenn sich Wellen aus verschiedenen Richtungen kreuzen. Dies kann z.B. dadurch sein, da\u00df es gro\u00dfen Hauptwellen gibt, die durch den Wind verursacht werden und alle aus einer Richtung kommen, und kleine Wellen, die z.B. von einem fahrenden Boot verursacht wurden, quer dar\u00fcber laufen.<\/p>\n<p>Im \u00fcbertragenen Sinne steht das Wort &#8222;Dwarsl\u00f6per&#8220; auch f\u00fcr einen Querkopf, also jemanden, der es immer etwas anders haben oder machen will als der Rest und sich damit nicht immer nur Freunde macht. Das trifft und traf \u00fcbrigens auch auf unseren Stamm schon immer ein bi\u00dfchen zu!<\/p>\n","protected":false},"excerpt":{"rendered":"<p>Fast 30 Millionen Pfadfinder rund um den Globus treffen sich allw\u00f6chentlich und sind damit die gr\u00f6\u00dfte Jugendbewegung der Welt. \u00dcber 100 Jahre alt ist die Idee der Pfadfinderei und hat trotzdem nichts von ihrer Anziehungskraft verloren &#8211; sie ist so jung und so zeitgem\u00e4\u00df wie die j\u00fcngsten Mitglieder, die diese Idee ausf\u00fcllen und gestalten. Seit &hellip; <a href=\"https:\/\/www.dwarsloeper.org\/wordpress\/wir-ueber-uns\/\" class=\"more-link\"><span class=\"screen-reader-text\">Wir \u00fcber uns<\/span> weiterlesen <span class=\"meta-nav\">&rarr;<\/span><\/a><\/p>\n","protected":false},"author":1,"featured_media":0,"parent":0,"menu_order":0,"comment_status":"closed","ping_status":"closed","template":"","meta":{"footnotes":""},"class_list":["post-20","page","type-page","status-publish","hentry"],"_links":{"self":[{"href":"https:\/\/www.dwarsloeper.org\/wordpress\/wp-json\/wp\/v2\/pages\/20","targetHints":{"allow":["GET"]}}],"collection":[{"href":"https:\/\/www.dwarsloeper.org\/wordpress\/wp-json\/wp\/v2\/pages"}],"about":[{"href":"https:\/\/www.dwarsloeper.org\/wordpress\/wp-json\/wp\/v2\/types\/page"}],"author":[{"embeddable":true,"href":"https:\/\/www.dwarsloeper.org\/wordpress\/wp-json\/wp\/v2\/users\/1"}],"replies":[{"embeddable":true,"href":"https:\/\/www.dwarsloeper.org\/wordpress\/wp-json\/wp\/v2\/comments?post=20"}],"version-history":[{"count":7,"href":"https:\/\/www.dwarsloeper.org\/wordpress\/wp-json\/wp\/v2\/pages\/20\/revisions"}],"predecessor-version":[{"id":462,"href":"https:\/\/www.dwarsloeper.org\/wordpress\/wp-json\/wp\/v2\/pages\/20\/revisions\/462"}],"wp:attachment":[{"href":"https:\/\/www.dwarsloeper.org\/wordpress\/wp-json\/wp\/v2\/media?parent=20"}],"curies":[{"name":"wp","href":"https:\/\/api.w.org\/{rel}","templated":true}]}}