{"id":22,"date":"2017-09-29T11:45:41","date_gmt":"2017-09-29T09:45:41","guid":{"rendered":"http:\/\/www.dwarsloeper.org\/wordpress\/?page_id=22"},"modified":"2020-04-23T21:39:56","modified_gmt":"2020-04-23T19:39:56","slug":"verfassung","status":"publish","type":"page","link":"https:\/\/www.dwarsloeper.org\/wordpress\/verfassung\/","title":{"rendered":"Verfassung"},"content":{"rendered":"<p><b><span style=\"font-family: Garamond; font-size: large;\">Unsere <u>Vereinsverfassung<\/u> besteht aus den folgenden Komponenten:<\/span><\/b><\/p>\n<ul>\n<li><a href=\"https:\/\/www.dwarsloeper.org\/wordpress\/konzeption\/\">Konzeption<\/a><\/li>\n<\/ul>\n<p><span style=\"font-family: Garamond;\">Die Stammeskonzeption enth\u00e4lt das Selbstverst\u00e4ndnis des Stammes und die Ziele unserer Arbeit.<br \/>\n<\/span><\/p>\n<ul>\n<li><a href=\"https:\/\/www.dwarsloeper.org\/wordpress\/satzung\/\">Satzung<\/a><\/li>\n<\/ul>\n<p><span style=\"font-family: Garamond;\">Das rechtliche Verh\u00e4ltnis der Mitglieder zum Verein ist in der Satzung niedergelegt, die von jedem Mitglied beim Beitritt anerkannt wird und damit rechtsverbindlich wird. Aus ihr ergeben sich f\u00fcr alle Rechte und Pflichten; sie stellt damit den vereinsrechtlichen Teil der Verfassung dar.<\/span><\/p>\n<ul>\n<li><a href=\"https:\/\/www.dwarsloeper.org\/wordpress\/finanzordnung\/\">Finanzordnung<\/a><\/li>\n<\/ul>\n<p><span style=\"font-family: Garamond;\">Die Finanzordnung stellt noch einmal \u00fcbersichtlich die Beitr\u00e4ge und Arbeitsdienstverpflichtungen f\u00fcr alle dar, die jedes Jahr neu von der Mitgliederversammlung beschlossen werden.<\/span><\/p>\n<ul>\n<li><a href=\"https:\/\/www.dwarsloeper.org\/wordpress\/stammesordnung\/\">Stammesordnung<\/a><\/li>\n<\/ul>\n<p><span style=\"font-family: Garamond;\">Als Organisationsgrundlage f\u00fcr den Stamm, der &#8222;Jugendabteilung&#8220; des Vereins, dient die Stammesordnung. In ihr sind vor allem organisatorische Regelungen der Arbeit des Stammes und seiner Struktur festgehalten.<\/span><\/p>\n","protected":false},"excerpt":{"rendered":"<p>Unsere Vereinsverfassung besteht aus den folgenden Komponenten: Konzeption Die Stammeskonzeption enth\u00e4lt das Selbstverst\u00e4ndnis des Stammes und die Ziele unserer Arbeit. Satzung Das rechtliche Verh\u00e4ltnis der Mitglieder zum Verein ist in der Satzung niedergelegt, die von jedem Mitglied beim Beitritt anerkannt wird und damit rechtsverbindlich wird. Aus ihr ergeben sich f\u00fcr alle Rechte und Pflichten; sie &hellip; <a href=\"https:\/\/www.dwarsloeper.org\/wordpress\/verfassung\/\" class=\"more-link\"><span class=\"screen-reader-text\">Verfassung<\/span> weiterlesen <span class=\"meta-nav\">&rarr;<\/span><\/a><\/p>\n","protected":false},"author":1,"featured_media":0,"parent":0,"menu_order":0,"comment_status":"closed","ping_status":"closed","template":"","meta":{"footnotes":""},"class_list":["post-22","page","type-page","status-publish","hentry"],"_links":{"self":[{"href":"https:\/\/www.dwarsloeper.org\/wordpress\/wp-json\/wp\/v2\/pages\/22","targetHints":{"allow":["GET"]}}],"collection":[{"href":"https:\/\/www.dwarsloeper.org\/wordpress\/wp-json\/wp\/v2\/pages"}],"about":[{"href":"https:\/\/www.dwarsloeper.org\/wordpress\/wp-json\/wp\/v2\/types\/page"}],"author":[{"embeddable":true,"href":"https:\/\/www.dwarsloeper.org\/wordpress\/wp-json\/wp\/v2\/users\/1"}],"replies":[{"embeddable":true,"href":"https:\/\/www.dwarsloeper.org\/wordpress\/wp-json\/wp\/v2\/comments?post=22"}],"version-history":[{"count":3,"href":"https:\/\/www.dwarsloeper.org\/wordpress\/wp-json\/wp\/v2\/pages\/22\/revisions"}],"predecessor-version":[{"id":803,"href":"https:\/\/www.dwarsloeper.org\/wordpress\/wp-json\/wp\/v2\/pages\/22\/revisions\/803"}],"wp:attachment":[{"href":"https:\/\/www.dwarsloeper.org\/wordpress\/wp-json\/wp\/v2\/media?parent=22"}],"curies":[{"name":"wp","href":"https:\/\/api.w.org\/{rel}","templated":true}]}}