{"id":263,"date":"2018-01-24T20:03:28","date_gmt":"2018-01-24T19:03:28","guid":{"rendered":"http:\/\/www.dwarsloeper.org\/wordpress\/?page_id=263"},"modified":"2020-04-23T21:39:19","modified_gmt":"2020-04-23T19:39:19","slug":"unsere-gruppen","status":"publish","type":"page","link":"https:\/\/www.dwarsloeper.org\/wordpress\/unsere-gruppen\/","title":{"rendered":"Unsere Gruppen"},"content":{"rendered":"<p>Hier stellen sich unsere zahlreichen Gruppen vor.<\/p>\n<p>Zur Zeit haben wir vier L\u00fcbecker Gruppen, die sich in Offendorf in unserem Stammesheim dem Badehaus oder in Travem\u00fcnde am Fischereihafen treffen: Das sind unsere 7-10 j\u00e4hrigen W\u00f6lflinge (Meute Seewolf), die 10-13 j\u00e4hrigen Trolle (Backschaft Seetroll), die 13-16 j\u00e4hrigen Pfadfinder (Backschaft Ventus) und die 16-19 j\u00e4hrigen der Roverstufe (Backschaft Aquarius).<\/p>\n<p>Dann haben wir seit Kurzem eine Gruppe in Schwerin: die <a href=\"https:\/\/www.dwarsloeper.org\/wordpress\/schwerin\/\">Backschaft Nautilus<\/a>.<\/p>\n","protected":false},"excerpt":{"rendered":"<p>Hier stellen sich unsere zahlreichen Gruppen vor. Zur Zeit haben wir vier L\u00fcbecker Gruppen, die sich in Offendorf in unserem Stammesheim dem Badehaus oder in Travem\u00fcnde am Fischereihafen treffen: Das sind unsere 7-10 j\u00e4hrigen W\u00f6lflinge (Meute Seewolf), die 10-13 j\u00e4hrigen Trolle (Backschaft Seetroll), die 13-16 j\u00e4hrigen Pfadfinder (Backschaft Ventus) und die 16-19 j\u00e4hrigen der Roverstufe &hellip; <a href=\"https:\/\/www.dwarsloeper.org\/wordpress\/unsere-gruppen\/\" class=\"more-link\"><span class=\"screen-reader-text\">Unsere Gruppen<\/span> weiterlesen <span class=\"meta-nav\">&rarr;<\/span><\/a><\/p>\n","protected":false},"author":1,"featured_media":0,"parent":0,"menu_order":0,"comment_status":"closed","ping_status":"closed","template":"","meta":{"footnotes":""},"class_list":["post-263","page","type-page","status-publish","hentry"],"_links":{"self":[{"href":"https:\/\/www.dwarsloeper.org\/wordpress\/wp-json\/wp\/v2\/pages\/263","targetHints":{"allow":["GET"]}}],"collection":[{"href":"https:\/\/www.dwarsloeper.org\/wordpress\/wp-json\/wp\/v2\/pages"}],"about":[{"href":"https:\/\/www.dwarsloeper.org\/wordpress\/wp-json\/wp\/v2\/types\/page"}],"author":[{"embeddable":true,"href":"https:\/\/www.dwarsloeper.org\/wordpress\/wp-json\/wp\/v2\/users\/1"}],"replies":[{"embeddable":true,"href":"https:\/\/www.dwarsloeper.org\/wordpress\/wp-json\/wp\/v2\/comments?post=263"}],"version-history":[{"count":6,"href":"https:\/\/www.dwarsloeper.org\/wordpress\/wp-json\/wp\/v2\/pages\/263\/revisions"}],"predecessor-version":[{"id":802,"href":"https:\/\/www.dwarsloeper.org\/wordpress\/wp-json\/wp\/v2\/pages\/263\/revisions\/802"}],"wp:attachment":[{"href":"https:\/\/www.dwarsloeper.org\/wordpress\/wp-json\/wp\/v2\/media?parent=263"}],"curies":[{"name":"wp","href":"https:\/\/api.w.org\/{rel}","templated":true}]}}