{"id":28,"date":"2017-09-29T11:46:41","date_gmt":"2017-09-29T09:46:41","guid":{"rendered":"http:\/\/www.dwarsloeper.org\/wordpress\/?page_id=28"},"modified":"2018-03-08T10:00:21","modified_gmt":"2018-03-08T09:00:21","slug":"finanzordnung","status":"publish","type":"page","link":"https:\/\/www.dwarsloeper.org\/wordpress\/finanzordnung\/","title":{"rendered":"Finanzordnung"},"content":{"rendered":"<p>(Stand 2012)<\/p>\n<h3>1 Arten der Mitgliedschaft<\/h3>\n<p>Folgende Mitgliedsgruppen werden unterschieden:<\/p>\n<ul>\n<li>Stammesmitglieder (Jugendliche bis zum vollendeten 19. Lebensjahr)<\/li>\n<li>Ordentliche Mitglieder (Erwachsene)<\/li>\n<li>\u00be &#8211; Mitglieder<\/li>\n<li>F\u00f6rdermitglieder<\/li>\n<\/ul>\n<h3>2 Beitr\u00e4ge und Geb\u00fchren<\/h3>\n<h4>2.1 Mitgliedsbeitr\u00e4ge<\/h4>\n<ul>\n<li>Ordentliche Mitglieder und Stammesmitglieder zahlen Euro 80 Jahresbeitrag.<\/li>\n<li>\u00be &#8211; Mitglieder zahlen Euro 60 Jahresbeitrag.<\/li>\n<li>F\u00f6rdermitglieder zahlen Euro 45 Jahresbeitrag.<\/li>\n<\/ul>\n<h4>2.2 Aufnahmegeb\u00fchr<\/h4>\n<p>Jedes neue (Stammes-) Mitglied zahlt eine einmalige Aufnahmegeb\u00fchr von Euro 50.<\/p>\n<h4>2.3 Arbeitsstunden<\/h4>\n<p>Jedes Mitglied \/ Stammesmitglied hat 12 Arbeitsstunden im Jahr zu erbringen; W\u00f6lflinge und Trolle jedoch nur 6 Arbeitsstunden. Nicht abgeleistete Arbeitsstunden werden nach Ablauf des Jahres mit Euro 7,50 pro Stunde in Rechnung gestellt. \u00be &#8211; Mitglieder und F\u00f6rdermitglieder m\u00fcssen keine Arbeitsstunden leisten.<\/p>\n<h3>3 F\u00e4lligkeit der Beitr\u00e4ge und Geb\u00fchren<\/h3>\n<p>Der Jahresbeitrag ist am 1. Januar eines Jahres im voraus f\u00e4llig und wird jeweils am 15. 3. per Bankeinzug eingezogen.<\/p>\n<p>Bei Neumitgliedern im laufenden Gesch\u00e4ftsjahr werden der anteilige Jahresbeitrag und die Aufnahmegeb\u00fchr sofort f\u00e4llig. Bei ihnen richtet sich die H\u00f6he des noch zu zahlende Jahresbeitrags gem\u00e4\u00df Vereinssatzung nach den Zeitpunkt des erstmaligen Erscheinens des Neumitglieds (monatlich Euro 6,60 bis Jahresende). Arbeitsstunden sind ebenfalls anteilig zu leisten<\/p>\n<h3>4 Beendigung der Mitgliedschaft<\/h3>\n<p>Die in der Vereinssatzung unter \u00a7 5 aufgef\u00fchrten Arten der Beendigung der Mitgliedschaft entbinden das Mitglied nicht von seinen eingegangenen Verpflichtungen f\u00fcr das laufende Gesch\u00e4ftsjahr.<\/p>\n<p>&nbsp;<\/p>\n","protected":false},"excerpt":{"rendered":"<p>(Stand 2012) 1 Arten der Mitgliedschaft Folgende Mitgliedsgruppen werden unterschieden: Stammesmitglieder (Jugendliche bis zum vollendeten 19. Lebensjahr) Ordentliche Mitglieder (Erwachsene) \u00be &#8211; Mitglieder F\u00f6rdermitglieder 2 Beitr\u00e4ge und Geb\u00fchren 2.1 Mitgliedsbeitr\u00e4ge Ordentliche Mitglieder und Stammesmitglieder zahlen Euro 80 Jahresbeitrag. \u00be &#8211; Mitglieder zahlen Euro 60 Jahresbeitrag. F\u00f6rdermitglieder zahlen Euro 45 Jahresbeitrag. 2.2 Aufnahmegeb\u00fchr Jedes neue (Stammes-) &hellip; <a href=\"https:\/\/www.dwarsloeper.org\/wordpress\/finanzordnung\/\" class=\"more-link\"><span class=\"screen-reader-text\">Finanzordnung<\/span> weiterlesen <span class=\"meta-nav\">&rarr;<\/span><\/a><\/p>\n","protected":false},"author":1,"featured_media":0,"parent":0,"menu_order":0,"comment_status":"closed","ping_status":"closed","template":"","meta":{"footnotes":""},"class_list":["post-28","page","type-page","status-publish","hentry"],"_links":{"self":[{"href":"https:\/\/www.dwarsloeper.org\/wordpress\/wp-json\/wp\/v2\/pages\/28","targetHints":{"allow":["GET"]}}],"collection":[{"href":"https:\/\/www.dwarsloeper.org\/wordpress\/wp-json\/wp\/v2\/pages"}],"about":[{"href":"https:\/\/www.dwarsloeper.org\/wordpress\/wp-json\/wp\/v2\/types\/page"}],"author":[{"embeddable":true,"href":"https:\/\/www.dwarsloeper.org\/wordpress\/wp-json\/wp\/v2\/users\/1"}],"replies":[{"embeddable":true,"href":"https:\/\/www.dwarsloeper.org\/wordpress\/wp-json\/wp\/v2\/comments?post=28"}],"version-history":[{"count":2,"href":"https:\/\/www.dwarsloeper.org\/wordpress\/wp-json\/wp\/v2\/pages\/28\/revisions"}],"predecessor-version":[{"id":344,"href":"https:\/\/www.dwarsloeper.org\/wordpress\/wp-json\/wp\/v2\/pages\/28\/revisions\/344"}],"wp:attachment":[{"href":"https:\/\/www.dwarsloeper.org\/wordpress\/wp-json\/wp\/v2\/media?parent=28"}],"curies":[{"name":"wp","href":"https:\/\/api.w.org\/{rel}","templated":true}]}}