{"id":30,"date":"2017-09-29T11:47:00","date_gmt":"2017-09-29T09:47:00","guid":{"rendered":"http:\/\/www.dwarsloeper.org\/wordpress\/?page_id=30"},"modified":"2017-09-29T11:47:00","modified_gmt":"2017-09-29T09:47:00","slug":"stammesordnung","status":"publish","type":"page","link":"https:\/\/www.dwarsloeper.org\/wordpress\/stammesordnung\/","title":{"rendered":"Stammesordnung"},"content":{"rendered":"<p>(Organisationsgrundlage der Stammesarbeit)<\/p>\n<h3>1 Mitgliedschaft<\/h3>\n<p>1.1 Mitglieder des Seepfadfinderstammes Dwarsl\u00f6per k\u00f6nnen Jugendliche bis zum vollendeten 19. Lebensjahr werden, die sich dem Stamm anschlie\u00dfen und die Stammesverfassung anerkennen. Der Beitritt ist schriftlich zu erkl\u00e4ren und mu\u00df bei Minderj\u00e4hrigen die schriftliche Einverst\u00e4ndniserkl\u00e4rung der Erziehungsberechtigten enthalten. Mit der Beitrittserkl\u00e4rung wird gleichzeitig eine Stammesmitgliedschaft im Verein &#8222;Seepfadfinderstamm Dwarsl\u00f6per e. V.&#8220; beantragt.<\/p>\n<p>1.2 Nach Ablauf der Probezeit erfolgt die Aufnahme durch das freiwillige Ablegen des Versprechens.<\/p>\n<p>1.3 Die Mitgliedschaft im Stamm endet<\/p>\n<ul>\n<li>durch schriftliche Austrittserkl\u00e4rung zum Jahresende, gerichtet an die Stammesf\u00fchrung,<\/li>\n<li>durch automatisches Erl\u00f6schen,<\/li>\n<li>durch Streichung von der Mitgliederliste,<\/li>\n<li>durch Vollendung des 19. Lebensjahres,<\/li>\n<li>durch Ausschlu\u00df und<\/li>\n<li>durch Tod des Mitglieds.<\/li>\n<\/ul>\n<p>1.4 Die Mitgliedschaft im Stamm erl\u00f6scht automatisch, wenn eine Mitgliedschaft im einer \u00e4hnlichen oder gleichen Korporation wie dem Stamm erworben wird (Doppelmitgliedschaft). Das automatische Erl\u00f6schen wird durch die Stammesf\u00fchrung festgestellt.<\/p>\n<p>1.5 Von der Mitgliederliste wird gestrichen, wer trotz Mahnung und Fristsetzung mit der Zahlung seiner finanziellen Verpflichtungen im R\u00fcckstand ist. \u00dcber die Streichung befindet der Vorstand.<\/p>\n<p>1.6 Der Ausschlu\u00df ist m\u00f6glich, wenn ein Mitglied den Stammesinteressen zuwider handelt oder dessen Ansehen sch\u00e4digt. \u00dcber den Ausschlu\u00df entscheidet der Stammesrat. Vor dem Ausschlu\u00df ist das Mitglied zu h\u00f6ren.<\/p>\n<p>1.7 Ausweise, Halst\u00fccher und Abzeichen sind Eigentum des Stammes und beim Ausscheiden unaufgefordert und ohne Wertersatz an den Stamm zur\u00fcckzugeben.<\/p>\n<p>1.8 Beurlaubungen \u00fcber ein halbes Jahr hinaus werden vom Stammesrat ausgesprochen. Zwangsbeurlaubungen k\u00f6nnen vom Stammesf\u00fchrer verf\u00fcgt werden. Dadurch werden F\u00fchrer und Inhaber von \u00c4mtern ihrer Rechte und Pflichten vorl\u00e4ufig enthoben. Zwangsbeurlaubungen bed\u00fcrfen umgehend der nachtr\u00e4glichen Zustimmung durch den Stammesrat. Ein Austritt aus dem Stamm kann nicht `gruppenweise\u00b4, sondern nur als Einzelmitglied erfolgen.<\/p>\n<p>1.9 Jedes Stammesmitglied ist verpflichtet, eine einmalige Aufnahmegeb\u00fchr und einen j\u00e4hrlichen Mitgliedsbeitrag, deren H\u00f6he in der Mitgliederversammlung festgesetzt wird, zu entrichten, und ist insbesondere verpflichtet, an Arbeitseins\u00e4tzen zur Erhaltung und Pflege des Bootsparks und des sonstigen Materials teilzunehmen. Die Arbeitseins\u00e4tze werden nach Art und Umfang durch die Mitgliederversammlung festgelegt. Weiteres regelt die Finanzordnung des Vereins.<\/p>\n<h3>2 Aufbau<\/h3>\n<p>2.1 Im Stamm werden Altersstufen unterschieden. Zu einer Altersstufe geh\u00f6rt ein Stammesangeh\u00f6riger aufgrund seines Lebensalters und seiner Reife. Die Gliederung in Altersstufen erm\u00f6glicht es, Mittel und Methoden dem jeweiligen Entwicklungsstand anzupassen.<\/p>\n<p>2.2 Die etwa 7 bis 10j\u00e4hrigen Stammesmitglieder bilden die W\u00f6lflingsstufe,<br \/>\ndie 10 bis 13j\u00e4hrigen die Trollstufe,<br \/>\ndie 13 bis 16j\u00e4hrigen Pfadfinder die Pfadfinderstufe.<br \/>\nDie 16 bis 18j\u00e4hrigen stellen die Roverstufe dar.<br \/>\nDie \u00fcber 19j\u00e4hrigen Stammesmitglieder finden Eingang in den Tr\u00e4gerverein &#8222;Seepfadfinderstamm Dwarsl\u00f6per e. V.&#8220;.<\/p>\n<p>2.3 In allen Altersstufen k\u00f6nnen M\u00e4dchen und Jungen gemeinsam einer Gruppe angeh\u00f6ren. In der Pfadfinderstufe haben sich jedoch nach M\u00e4dchen und Jungen getrennte Gruppen als sinnvoll erwiesen.<\/p>\n<p>2.4 Die W\u00f6lflinge versprechen bei ihrer Aufnahme in den Stamm:<\/p>\n<blockquote><p>Ich versprech, da\u00df ich mein Bestes tue, ein guter Freund bin und mit Euch nach den W\u00f6lflingsregeln lebe.<\/p><\/blockquote>\n<p>Die W\u00f6lflingsregeln lauten:<\/p>\n<blockquote>\n<ul>\n<li>Der W\u00f6lfling folgt dem \u00b4Alten Wolf`.<\/li>\n<li>Der W\u00f6lfling nimmt R\u00fccksicht auf andere und hilft, wo er kann.<\/li>\n<\/ul>\n<\/blockquote>\n<p>Das W\u00f6lflingsleben wird durch das Spiel bestimmt. Eine Spielidee ist das Dschungelbuch von R. Kipling. Spielerisch wachsen die W\u00f6lflinge in die Pflichten der Trolle hinein. Bestandteil des spielerischen Lernens in der W\u00f6lflingsstufe ist die Probenarbeit Es werden die Jungwolf-, die Sternwolf- und die Stammwolfprobe unterschieden. Die Proben sind im Ausbildungsleitfaden n\u00e4her erl\u00e4utert.<\/p>\n<p>Die Meute ist die geschlossene Gruppierung der W\u00f6lflinge. Sie besteht aus mehreren Rudeln, die Spielgemeinschaften darstellen und jeweils 6 &#8211; 8 W\u00f6lflinge umfassen. Dem Stamm k\u00f6nnen mehrere Meuten angeh\u00f6ren. Die Meute wird von einem vom Stammesf\u00fchrer eingesetzten und vom Stammesrat best\u00e4tigten Meutenf\u00fchrer geleitet. Der Meutenf\u00fchrer ernennt im Einvernehmen mit den Rudeln die Leitw\u00f6lfe.<\/p>\n<p>2.5 Die Pfadfinder geloben im Pfadfinderversprechen, das nach einer angemessenen Zeit der Zugeh\u00f6rigkeit in feierlicher Form vom Stammesf\u00fchrer abgenommen wird:<\/p>\n<blockquote><p>Ich verspreche mein Bestes zu tun, jederzeit und allen Menschen zu helfen, und nach den Pfadfinderregeln zu leben.<\/p><\/blockquote>\n<p>Grundlegend f\u00fcr die Pfadfinderstufe sind die Pfadfinderregeln, entwickelt aus den zehn Pfadfindergesetzen Baden-Powells:<\/p>\n<blockquote>\n<ul>\n<li>Ich will zuverl\u00e4ssig sein und zu meinem Wort stehen.<\/li>\n<li>Ich will hilfsbereit sein und f\u00fcr andere eintreten.<\/li>\n<li>Ich will durch Achtung und partnerschaftliches Verhalten zum guten Miteinander aller Menschen beitragen.<\/li>\n<li>Ich will R\u00fccksicht nehmen und verst\u00e4ndnisvoll sein.<\/li>\n<li>Ich will die Natur sch\u00fctzen und sie erhalten.<\/li>\n<li>Ich will zuversichtlich sein und Schwierigkeiten nicht ausweichen.<\/li>\n<li>Ich will mich bem\u00fchen, einfach und bewu\u00dft zu leben.<\/li>\n<li>Ich will \u00fcberlegt und selbstbeherrscht handeln.<\/li>\n<li>Ich will Verantwortung \u00fcbernehmen und mich f\u00fcr die Gemeinschaft engagieren.<\/li>\n<li>Ich will offen f\u00fcr neue Wege sein.<\/li>\n<\/ul>\n<\/blockquote>\n<p>Ca. zehn Pfadfinder finden sich zu einer Backschaft zusammen, die verantwortlich durch einen vom Stammesrat best\u00e4tigten F\u00fchrer gef\u00fchrt wird.<\/p>\n<p>Die Pfadfinderstufe beginnt bei den J\u00fcngeren spielerisch und ist bei den \u00c4lteren durch ein st\u00e4rkeres \u00d6ffnen zur Gesellschaft hin gekennzeichnet. Sie will mit pfadfinderischen und altersgem\u00e4\u00dfen Mitteln ein kritisches Auseinandersetzen mit und ein Teilhaben an dieser Umwelt wachrufen und f\u00f6rdern. In der Backschaft hat jedes Mitglied eine Aufgabe zu erf\u00fcllen, durch die es einen Teil der Verantwortung f\u00fcr das Leben der Gemeinschaft \u00fcbernimmt. Das Erlebnis steht im Vordergrund.<\/p>\n<p>Bestandteil der Ausbildung in der Pfadfinderstufe ist die Probenarbeit. Es werden die I.-, II.-, und die III.-Grad Probe unterschieden. Die Anforderungen und die vorgesehenen Zeichen daf\u00fcr regelt der Leitfaden dazu.<\/p>\n<p>2.6 Die \u00fcber das Alter von 16 Jahren hinausgewachsenen Pfadfinder treten in die Roverstufe \u00fcber, die Stufe, in der sich aus der erlebnisorientierten Zugeh\u00f6rigkeit zur Pfadfinderbewegung eine bewu\u00dfte pfadfinderische Lebenshaltung herausbilden soll. Es ist die Stufe der Erarbeitung eines geistigen Weltbildes, der Gewinnung einer verantwortungsbewu\u00dften, aktiv kritischen Stellungnahme gegen\u00fcber Umwelt und Gesellschaft.<\/p>\n<p>Die Roverstufe beruht auf dem Prinzip der Selbstverantwortlichkeit. Auf das Leben der Erwachsenen gerichtet, unterscheidet sie sich in Arbeitsweise, Stil und Organisationsform grundlegend von den anderen Stufen, wei\u00df sich aber mitverantwortlich eingebunden in das Leben des Stammes.<\/p>\n<p>Die Rover bilden Backschaften von ca. 10 Mitgliedern und w\u00e4hlen sich ihren Sprecher, der vom Stammesrat best\u00e4tigt werden mu\u00df.<\/p>\n<p>F\u00fcr die Rover werden Pfadfinderversprechen und Pfadfinderregeln fortgef\u00fchrt.<\/p>\n<h3>3 Organe und Verwaltung<\/h3>\n<p>3.1 Der Stamm wird vom Stammesf\u00fchrer in enger Zusammenarbeit mit dem Stammesrat gef\u00fchrt. Der Stammesf\u00fchrer ist an die Entscheidungen des Stammesrates gebunden.<\/p>\n<p>Der Stammesf\u00fchrer und sein Stellvertreter werden vom Stammesrat mit einfacher Mehrheit f\u00fcr die Dauer von zwei Jahren gew\u00e4hlt und vom Vorstand des Tr\u00e4gervereins best\u00e4tigt. Erhebt der Vorstand Einw\u00e4nde, entscheidet die Mitgliederversammlung. Der Stammesf\u00fchrer kann zwecks Aufgabenteilung ein F\u00fchrungsteam aufstellen, dessen einzelne Mitglieder vom Stammesrat best\u00e4tigt werden und dadurch Sitz im Stammesrat erhalten. Der Stammesf\u00fchrer kann die Mitglieder des F\u00fchrungsteams wieder abberufen.<\/p>\n<p>Der Stammesf\u00fchrer kann mit Zustimmung von \u00be aller im Stammesrat vertretenen Stimmen, bei gleichzeitiger Benennung eines neuen Kandidaten, vom Stammesrat abberufen werden. Bis zu einer Neuwahl, die innerhalb eines Vierteljahres durchgef\u00fchrt werden mu\u00df, leitet der Stellvertreter den Stamm.<\/p>\n<p>3.2 Der Stammesf\u00fchrer, sein Stellvertreter, die gew\u00e4hlten und best\u00e4tigten F\u00fchrer der Backschaften, der Meuten, sowie ein Vertreter des Rechtstr\u00e4gers sollen monatlich zum Stammesrat zusammentreten. Die Mitglieder des F\u00fchrungsteams nehmen mit beratender Stimme teil.<\/p>\n<p>Der Stammesrat beschlie\u00dft mit einfacher Mehrheit der anwesenden Stimmberechtigten, bei \u00c4nderungen dieser Ordnung und bei Abberufung der Stammesf\u00fchrung mit \u00be Mehrheit seiner Stimmberechtigten.<\/p>\n<p>Die Leitung des Stammesrates obliegt dem Stammesf\u00fchrer bzw. seinem Stellvertreter. Der Stammesrat ist bei Anwesenheit der H\u00e4lfte seiner Stimmberechtigten beschlu\u00dff\u00e4hig. Von jeder Sitzung des Stammesrates ist ein Beschlu\u00dfprotokoll zu erstellen und den Mitgliedern des Stammesrates sp\u00e4testens nach 14 Tagen zuzuleiten. Der Stammesrat ist f\u00fcr den Stamm verantwortlich. Seine Beschl\u00fcsse sind f\u00fcr alle Mitglieder des Stammes bindend. Der Stammesrat tagt nicht-\u00f6ffentlich.<\/p>\n<p>3.3 Rechts- und Verm\u00f6genstr\u00e4ger des Seepfadfinderstamm Dwarsl\u00f6per ist der Verein Seepfadfinderstamm Dwarsl\u00f6per e.V., der \u00fcber eine eigene Satzung verf\u00fcgt. Die Stammesmitglieder sind f\u00fcr die Zeit ihrer Zugeh\u00f6rigkeit zum Stamm gleichzeitig Mitglieder des Seepfadfinderstamm Dwarsl\u00f6per e. V..<\/p>\n<h3>4 Formen<\/h3>\n<p>4.1 Die Kluft ist \u00e4u\u00dferlicher Ausdruck unserer Gemeinschaft und zeigt die Zugeh\u00f6rigkeit zur weltweiten Pfadfinderbewegung.<\/p>\n<p>Zur Fahrtenkluft geh\u00f6ren das Fischerhemd, ein blaues Halstuch (W\u00f6lflinge: orange) mit rotem Randstreifen und die Jungenschaftsjacke (Juja). Erst nach Ablegen des Versprechens ist das Mitglied berechtigt, das Halstuch zu tragen.<\/p>\n<p>Die Rautenlilie im Steuerrad wird von allen Stammesmitgliedern als Webabzeichen auf dem rechten \u00c4rmel des Fischerhemdes und schr\u00e4ggestellt auf der rechten Kragenecke der Juja getragen.<\/p>\n<p>Als Abzeichen f\u00fcr nachgewiesene Leistungen in der Probenarbeit werden Halstuchkordeln getragen. Einzelheiten und Anforderungen regelt der Ausbildungsleitfaden.<\/p>\n<p>Das Woodbadgezeichen kann als Zeichen der einzigen gemeinsamen Ausbildungsform der Weltpfadfinderbewegung getragen werden.<\/p>\n<p>4.2 Jede Gruppe w\u00e4hlt ein ihrem Namen entsprechendes Zeichen. Das Zeichen der Meute ist der Wolf. Die Banner und Wimpel der Gruppen bzw. der Stander tragen die Rautenlilie im Steuerrad und das Gruppenzeichen nach den Regeln der Heraldik.<\/p>\n","protected":false},"excerpt":{"rendered":"<p>(Organisationsgrundlage der Stammesarbeit) 1 Mitgliedschaft 1.1 Mitglieder des Seepfadfinderstammes Dwarsl\u00f6per k\u00f6nnen Jugendliche bis zum vollendeten 19. Lebensjahr werden, die sich dem Stamm anschlie\u00dfen und die Stammesverfassung anerkennen. Der Beitritt ist schriftlich zu erkl\u00e4ren und mu\u00df bei Minderj\u00e4hrigen die schriftliche Einverst\u00e4ndniserkl\u00e4rung der Erziehungsberechtigten enthalten. Mit der Beitrittserkl\u00e4rung wird gleichzeitig eine Stammesmitgliedschaft im Verein &#8222;Seepfadfinderstamm Dwarsl\u00f6per e. &hellip; <a href=\"https:\/\/www.dwarsloeper.org\/wordpress\/stammesordnung\/\" class=\"more-link\"><span class=\"screen-reader-text\">Stammesordnung<\/span> weiterlesen <span class=\"meta-nav\">&rarr;<\/span><\/a><\/p>\n","protected":false},"author":1,"featured_media":0,"parent":0,"menu_order":0,"comment_status":"closed","ping_status":"closed","template":"","meta":{"footnotes":""},"class_list":["post-30","page","type-page","status-publish","hentry"],"_links":{"self":[{"href":"https:\/\/www.dwarsloeper.org\/wordpress\/wp-json\/wp\/v2\/pages\/30","targetHints":{"allow":["GET"]}}],"collection":[{"href":"https:\/\/www.dwarsloeper.org\/wordpress\/wp-json\/wp\/v2\/pages"}],"about":[{"href":"https:\/\/www.dwarsloeper.org\/wordpress\/wp-json\/wp\/v2\/types\/page"}],"author":[{"embeddable":true,"href":"https:\/\/www.dwarsloeper.org\/wordpress\/wp-json\/wp\/v2\/users\/1"}],"replies":[{"embeddable":true,"href":"https:\/\/www.dwarsloeper.org\/wordpress\/wp-json\/wp\/v2\/comments?post=30"}],"version-history":[{"count":1,"href":"https:\/\/www.dwarsloeper.org\/wordpress\/wp-json\/wp\/v2\/pages\/30\/revisions"}],"predecessor-version":[{"id":31,"href":"https:\/\/www.dwarsloeper.org\/wordpress\/wp-json\/wp\/v2\/pages\/30\/revisions\/31"}],"wp:attachment":[{"href":"https:\/\/www.dwarsloeper.org\/wordpress\/wp-json\/wp\/v2\/media?parent=30"}],"curies":[{"name":"wp","href":"https:\/\/api.w.org\/{rel}","templated":true}]}}