{"id":34,"date":"2017-09-29T11:47:43","date_gmt":"2017-09-29T09:47:43","guid":{"rendered":"http:\/\/www.dwarsloeper.org\/wordpress\/?page_id=34"},"modified":"2018-04-12T14:52:13","modified_gmt":"2018-04-12T12:52:13","slug":"links","status":"publish","type":"page","link":"https:\/\/www.dwarsloeper.org\/wordpress\/links\/","title":{"rendered":"Links"},"content":{"rendered":"<p><script type=\"text\/javascript\" src=\"https:\/\/www.windfinder.com\/widget\/forecast\/js\/travemuende?unit_wave=m&#038;unit_rain=mm&#038;unit_temperature=c&#038;unit_wind=bft&#038;columns=3&#038;days=3&#038;show_day=1\"><\/script><noscript><a rel='nofollow' href='https:\/\/www.windfinder.com\/forecast\/travemuende?utm_source=forecast&#038;utm_medium=web&#038;utm_campaign=homepageweather&#038;utm_content=noscript-forecast'>Wind forecast for Travem\u00fcnde<\/a> provided by <a rel='nofollow' href='https:\/\/www.windfinder.com?utm_source=forecast&#038;utm_medium=web&#038;utm_campaign=homepageweather&#038;utm_content=noscript-logo'>windfinder.com<\/a><\/noscript><\/p>\n<p>&nbsp;<\/p>\n<p><a href=\"http:\/\/www.mreckermann.de\/nonpro.htm\" target=\"_blank\" rel=\"noopener\">Private Segelseite von Marcus Reckermann<\/a> (Tolle Fahrtensegelberichte \u00fcber Ostseet\u00f6rns!)<\/p>\n<p><a href=\"http:\/\/www.hippopotamus.de\/\" target=\"_blank\" rel=\"noopener\">Hippopotamus<\/a> (Von zwei Jungs, die mit ihrem Schiff einen ganzen Sommer viele verschiedene L\u00e4nder der Ostsee besuchten. **Tipp!**)<\/p>\n<p><a href=\"https:\/\/www.seglerverband-sh.de\/jugend\/\" target=\"_blank\" rel=\"noopener\">Seglerjugend im Seglerverband Schleswig-Holstein<\/a> (&#8230;in dem wir Mitglied sind. Neues und Interessantes zu Kutter- und Fahrtensegeln.)<\/p>\n<p><a href=\"http:\/\/www.gemeinde-ratekau.de\/\" target=\"_blank\" rel=\"noopener\">Gemeinde Ratekau<\/a> (Offendorf samt Badehaus geh\u00f6ren zur Gemeinde Ratekau. Die erw\u00e4hnt uns immerhin auf ihrer Seite&#8230; ;-))<\/p>\n<p><a href=\"http:\/\/www.eventnature.de\/\" target=\"_blank\" rel=\"noopener\">Eventnature<\/a> (Outdoor-Agentur an der Schlei mit tollem Lagergrundst\u00fcck)<\/p>\n<p><a href=\"http:\/\/www.klabautermann.de\/knotentafel\/frmstart.htm\" target=\"_blank\" rel=\"noopener\">Klabautermanns Knotentafel<\/a> (viele tolle Knoten mit animierten Bildern zum Nachmachen!)<\/p>\n<p><a href=\"http:\/\/www.yachtsportarchiv.de\/klassennotizen\/jugendwanderkutter.html\" target=\"_blank\" rel=\"noopener\">Die Geschichte der Jugendwanderkutter<\/a> (Viele Infos und Hintergr\u00fcnde \u00fcber Jugendwanderkutter)<\/p>\n<h3><\/h3>\n<p><a href=\"http:\/\/www.dwd.de\/DE\/fachnutzer\/schifffahrt\/seewetter\/nordostsee\/_node.html\" target=\"_blank\" rel=\"noopener\">Seglerwind und -wetter vom DWD<\/a><\/p>\n<p><a href=\"http:\/\/www.windfinder.de\/forecast\/luebeck-blankensee\" target=\"_blank\" rel=\"noopener\">Lokaler Windvorhersage f\u00fcr L\u00fcbeck<\/a><\/p>\n<p>&nbsp;<\/p>\n","protected":false},"excerpt":{"rendered":"<p>Wind forecast for Travem\u00fcnde provided by windfinder.com &nbsp; Private Segelseite von Marcus Reckermann (Tolle Fahrtensegelberichte \u00fcber Ostseet\u00f6rns!) Hippopotamus (Von zwei Jungs, die mit ihrem Schiff einen ganzen Sommer viele verschiedene L\u00e4nder der Ostsee besuchten. **Tipp!**) Seglerjugend im Seglerverband Schleswig-Holstein (&#8230;in dem wir Mitglied sind. Neues und Interessantes zu Kutter- und Fahrtensegeln.) Gemeinde Ratekau (Offendorf samt &hellip; <a href=\"https:\/\/www.dwarsloeper.org\/wordpress\/links\/\" class=\"more-link\"><span class=\"screen-reader-text\">Links<\/span> weiterlesen <span class=\"meta-nav\">&rarr;<\/span><\/a><\/p>\n","protected":false},"author":1,"featured_media":0,"parent":0,"menu_order":0,"comment_status":"closed","ping_status":"closed","template":"","meta":{"footnotes":""},"class_list":["post-34","page","type-page","status-publish","hentry"],"_links":{"self":[{"href":"https:\/\/www.dwarsloeper.org\/wordpress\/wp-json\/wp\/v2\/pages\/34","targetHints":{"allow":["GET"]}}],"collection":[{"href":"https:\/\/www.dwarsloeper.org\/wordpress\/wp-json\/wp\/v2\/pages"}],"about":[{"href":"https:\/\/www.dwarsloeper.org\/wordpress\/wp-json\/wp\/v2\/types\/page"}],"author":[{"embeddable":true,"href":"https:\/\/www.dwarsloeper.org\/wordpress\/wp-json\/wp\/v2\/users\/1"}],"replies":[{"embeddable":true,"href":"https:\/\/www.dwarsloeper.org\/wordpress\/wp-json\/wp\/v2\/comments?post=34"}],"version-history":[{"count":10,"href":"https:\/\/www.dwarsloeper.org\/wordpress\/wp-json\/wp\/v2\/pages\/34\/revisions"}],"predecessor-version":[{"id":396,"href":"https:\/\/www.dwarsloeper.org\/wordpress\/wp-json\/wp\/v2\/pages\/34\/revisions\/396"}],"wp:attachment":[{"href":"https:\/\/www.dwarsloeper.org\/wordpress\/wp-json\/wp\/v2\/media?parent=34"}],"curies":[{"name":"wp","href":"https:\/\/api.w.org\/{rel}","templated":true}]}}