{"id":36,"date":"2017-09-29T11:48:10","date_gmt":"2017-09-29T09:48:10","guid":{"rendered":"http:\/\/www.dwarsloeper.org\/wordpress\/?page_id=36"},"modified":"2020-04-23T22:08:03","modified_gmt":"2020-04-23T20:08:03","slug":"neu-hier-und-neugierig","status":"publish","type":"page","link":"https:\/\/www.dwarsloeper.org\/wordpress\/neu-hier-und-neugierig\/","title":{"rendered":"Neu hier und neugierig?"},"content":{"rendered":"<p>Willkommen beim Seepfadfinderstamm Dwarsl\u00f6per e.V.! Sch\u00f6n, dass Du unsere Seiten besuchst.<\/p>\n<h3>Pfadfinder k\u00f6nnen segeln!?<\/h3>\n<p><img loading=\"lazy\" decoding=\"async\" class=\"size-medium alignright\" src=\"https:\/\/www.dwarsloeper.org\/wordpress\/wp-content\/uploads\/2017\/09\/flyer2.2b_segeln-212x300.jpg\" alt=\"\" width=\"212\" height=\"300\"><\/p>\n<p>Ja, tats\u00e4chlich und wir sind in Deutschland so ziemlich die einzigen, die das was Pfadfinder normalerweise so machen mit Segeln und Fahrten auf dem Wasser verbunden haben. Im Sommerhalbjahr treffen wir uns je nach Altersstufe an den verschiedenen Booten und segeln gemeinsam auf dem Hemmelsdorfer See bzw. in Travem\u00fcnde. Im Winterhalbjahr treffen wir uns w\u00f6chentlich an unserem Vereinshaus in Offendorf direkt am Hemmelsdorfer See und k\u00fcmmern uns ein wenig um unser Material und machen sonst alles was Spa\u00df macht.<\/p>\n<h3>Je Pfadfinder desto Meer!?<\/h3>\n<p><img loading=\"lazy\" decoding=\"async\" class=\"size-medium alignright\" src=\"https:\/\/www.dwarsloeper.org\/wordpress\/wp-content\/uploads\/2017\/09\/flyer2.3b_meer-212x300.jpg\" alt=\"\" width=\"212\" height=\"300\"><\/p>\n<p>Ja, na klar! Und deswegen, weil wir meinen, dass uns unbedingt viel mehr Leute kennenlernen m\u00fcssen, machen wir diese Werbeaktion. Wir alle sind selber begeistert, wie viel Spa\u00df man zusammen mit netten Leuten in verschiedenen Altersstufen beim Segeln haben kann. Wir segeln auch nicht nur nebeneinander her wie in vielen Segelvereinen \u00fcblich, sondern unsere Gruppen bestehen aus Freunden, die gemeinsam &#8222;Meer erleben&#8220;, z.B. im Sommer gemeinsam mit den Schiffen auf Fahrten gehen bzw. Segelfreizeiten durchf\u00fchren.<\/p>\n<h3>Gierig Neues zu ersegeln!?<\/h3>\n<p><img loading=\"lazy\" decoding=\"async\" class=\"size-medium alignright\" src=\"https:\/\/www.dwarsloeper.org\/wordpress\/wp-content\/uploads\/2017\/09\/flyer2.1b_gierig-212x300.jpg\" alt=\"\" width=\"212\" height=\"300\"><\/p>\n<p>Auf dieser Homepage findest Du sehr viele Infos und Fotos \u00fcber uns und was wir machen. Wenn wir Dich damit neugierig gemacht haben, dann schau doch einfach mal bei uns auf den Gruppentreffen vorbei! Infos dazu und mit wem man Kontakt aufnehmen kann findest Du auf der Unterseite &#8222;Termine und Treffen&#8220;. Probier es doch einfach mal aus&#8230;<\/p>\n","protected":false},"excerpt":{"rendered":"<p>Willkommen beim Seepfadfinderstamm Dwarsl\u00f6per e.V.! Sch\u00f6n, dass Du unsere Seiten besuchst. Pfadfinder k\u00f6nnen segeln!? Ja, tats\u00e4chlich und wir sind in Deutschland so ziemlich die einzigen, die das was Pfadfinder normalerweise so machen mit Segeln und Fahrten auf dem Wasser verbunden haben. Im Sommerhalbjahr treffen wir uns je nach Altersstufe an den verschiedenen Booten und segeln &hellip; <a href=\"https:\/\/www.dwarsloeper.org\/wordpress\/neu-hier-und-neugierig\/\" class=\"more-link\"><span class=\"screen-reader-text\">Neu hier und neugierig?<\/span> weiterlesen <span class=\"meta-nav\">&rarr;<\/span><\/a><\/p>\n","protected":false},"author":1,"featured_media":0,"parent":0,"menu_order":0,"comment_status":"closed","ping_status":"closed","template":"","meta":{"footnotes":""},"class_list":["post-36","page","type-page","status-publish","hentry"],"_links":{"self":[{"href":"https:\/\/www.dwarsloeper.org\/wordpress\/wp-json\/wp\/v2\/pages\/36","targetHints":{"allow":["GET"]}}],"collection":[{"href":"https:\/\/www.dwarsloeper.org\/wordpress\/wp-json\/wp\/v2\/pages"}],"about":[{"href":"https:\/\/www.dwarsloeper.org\/wordpress\/wp-json\/wp\/v2\/types\/page"}],"author":[{"embeddable":true,"href":"https:\/\/www.dwarsloeper.org\/wordpress\/wp-json\/wp\/v2\/users\/1"}],"replies":[{"embeddable":true,"href":"https:\/\/www.dwarsloeper.org\/wordpress\/wp-json\/wp\/v2\/comments?post=36"}],"version-history":[{"count":8,"href":"https:\/\/www.dwarsloeper.org\/wordpress\/wp-json\/wp\/v2\/pages\/36\/revisions"}],"predecessor-version":[{"id":824,"href":"https:\/\/www.dwarsloeper.org\/wordpress\/wp-json\/wp\/v2\/pages\/36\/revisions\/824"}],"wp:attachment":[{"href":"https:\/\/www.dwarsloeper.org\/wordpress\/wp-json\/wp\/v2\/media?parent=36"}],"curies":[{"name":"wp","href":"https:\/\/api.w.org\/{rel}","templated":true}]}}