{"id":38,"date":"2017-09-29T11:48:36","date_gmt":"2017-09-29T09:48:36","guid":{"rendered":"http:\/\/www.dwarsloeper.org\/wordpress\/?page_id=38"},"modified":"2026-01-08T20:09:25","modified_gmt":"2026-01-08T19:09:25","slug":"termine-und-treffen","status":"publish","type":"page","link":"https:\/\/www.dwarsloeper.org\/wordpress\/termine-und-treffen\/","title":{"rendered":"Termine und Treffen"},"content":{"rendered":"<p>Hier findet ihr die w\u00f6chentlichen Treffen unserer Gruppen. und wer die Gruppen jeweils leitet.<\/p>\n<p>F\u00fcr generelle Fragen zu den Gruppen oder zu unserer Arbeit bzw. bei sonstigen Anliegen steht die Stammesf\u00fchrung (stammesfuehrung@dwarsloeper.org) gerne per E-Mail zur Verf\u00fcgung, genauso wie der Vorstand (siehe Mail-Link unter &#8222;<a href=\"https:\/\/www.dwarsloeper.org\/wordpress\/kontaktimpressum\/\">Impressum<\/a>&#8222;).<\/p>\n<hr \/>\n<table style=\"width: 100%;\">\n<tbody>\n<tr>\n<th>Gruppe<\/th>\n<th>Zeiten<\/th>\n<th>Ort<\/th>\n<th>Leitung<\/th>\n<\/tr>\n<tr>\n<td>Backschaft &#8222;Aquarius&#8220;<br \/>\n(Pfadfinderstufe, 16-18 J.)<\/td>\n<td>nach Absprache<\/td>\n<td>Badehaus<br \/>\n<a style=\"color: #41a62a; outline: 0px;\" href=\"https:\/\/goo.gl\/maps\/kks6uuuKa752\" target=\"_blank\" rel=\"noopener noreferrer\">Offendorf<\/a><\/td>\n<td>&#8211;<\/td>\n<\/tr>\n<tr>\n<td>Backschaft Orcarius<br \/>\n(Pfadfinderstufe, 13-16 J.)<\/td>\n<td>So. 16.15 \u2013 18.15 Uhr<\/td>\n<td>Badehaus<br \/>\n<a style=\"color: #41a62a; outline: 0px;\" href=\"https:\/\/goo.gl\/maps\/kks6uuuKa752\" target=\"_blank\" rel=\"noopener noreferrer\">Offendorf<\/a><\/td>\n<td>Plempy<\/td>\n<\/tr>\n<tr>\n<td>Backschaft &#8222;Nautilus&#8220;<br \/>\n(Pfadfinderstufe, 13-16 J.)<\/td>\n<td>nach Absprache<\/td>\n<td>K\u00fclz-Haus<br \/>\n<a href=\"https:\/\/goo.gl\/maps\/6zjgZCwtbzy\" target=\"_blank\" rel=\"noopener noreferrer\">Schwerin<\/a><\/td>\n<td>&#8211;<\/td>\n<\/tr>\n<tr>\n<td>Backschaft &#8222;Oktopus&#8220;<br \/>\n(Pfadfinderstufe, 13-16 J.)<\/td>\n<td>nach Absprache<\/td>\n<td>K\u00fclz-Haus<br \/>\n<a href=\"https:\/\/goo.gl\/maps\/6zjgZCwtbzy\" target=\"_blank\" rel=\"noopener noreferrer\">Schwerin<\/a><\/td>\n<td>Nele und Jula<\/td>\n<\/tr>\n<tr>\n<td>Backschaft &#8222;Seetroll&#8220;<br \/>\n(Trollstufe, 10-13 J.)<\/td>\n<td>nach Absprache<\/td>\n<td>Badehaus<br \/>\n<a style=\"color: #41a62a; outline: 0px;\" href=\"https:\/\/goo.gl\/maps\/kks6uuuKa752\" target=\"_blank\" rel=\"noopener noreferrer\">Offendorf<\/a><\/td>\n<td>Leo<\/td>\n<\/tr>\n<tr>\n<td>Meute &#8222;Seewolf&#8220;<br \/>\n(W\u00f6lflingsstufe, 7-10 J.)<\/td>\n<td>So. 14.00 \u2013 16.00 Uhr<\/td>\n<td>Badehaus<br \/>\n<a href=\"https:\/\/goo.gl\/maps\/kks6uuuKa752\" target=\"_blank\" rel=\"noopener noreferrer\">Offendorf<\/a><\/td>\n<td>Isa und Marla<\/td>\n<\/tr>\n<\/tbody>\n<\/table>\n<hr \/>\n<p>Die W\u00f6lflingsleitung ist auch unter <a class=\"moz-txt-link-abbreviated\" href=\"mailto:woelflingsleitung@dwarsloeper.org\">woelflingsleitung@dwarsloeper.org<\/a> zu erreichen!<\/p>\n<p>Die Gruppe der \u00c4lteren und ehemaligen Gruppenleiter trifft sich unregelm\u00e4\u00dfig im Sommer zum Segeln oder sonst im Badehaus bzw. zu besonderen Aktionen. Bei Interesse einfach beim Vorstand melden!<\/p>\n<p>Hier gehts zur Liste mit <a href=\"https:\/\/www.dwarsloeper.org\/wordpress\/aktuelle-termine\/\">aktuellen Terminen<\/a> (Heimabende, Fahrten, Sondertermine und Arbeitsdienste)<\/p>\n<p>Hier gehts zum <a href=\"https:\/\/www.dwarsloeper.org\/wordpress\/kalender\/\">Kalender<\/a> mit allen Terminen.<\/p>\n","protected":false},"excerpt":{"rendered":"<p>Hier findet ihr die w\u00f6chentlichen Treffen unserer Gruppen. und wer die Gruppen jeweils leitet. F\u00fcr generelle Fragen zu den Gruppen oder zu unserer Arbeit bzw. bei sonstigen Anliegen steht die Stammesf\u00fchrung (stammesfuehrung@dwarsloeper.org) gerne per E-Mail zur Verf\u00fcgung, genauso wie der Vorstand (siehe Mail-Link unter &#8222;Impressum&#8222;). Gruppe Zeiten Ort Leitung Backschaft &#8222;Aquarius&#8220; (Pfadfinderstufe, 16-18 J.) nach &hellip; <a href=\"https:\/\/www.dwarsloeper.org\/wordpress\/termine-und-treffen\/\" class=\"more-link\"><span class=\"screen-reader-text\">Termine und Treffen<\/span> weiterlesen <span class=\"meta-nav\">&rarr;<\/span><\/a><\/p>\n","protected":false},"author":1,"featured_media":0,"parent":0,"menu_order":0,"comment_status":"closed","ping_status":"closed","template":"","meta":{"footnotes":""},"class_list":["post-38","page","type-page","status-publish","hentry"],"_links":{"self":[{"href":"https:\/\/www.dwarsloeper.org\/wordpress\/wp-json\/wp\/v2\/pages\/38","targetHints":{"allow":["GET"]}}],"collection":[{"href":"https:\/\/www.dwarsloeper.org\/wordpress\/wp-json\/wp\/v2\/pages"}],"about":[{"href":"https:\/\/www.dwarsloeper.org\/wordpress\/wp-json\/wp\/v2\/types\/page"}],"author":[{"embeddable":true,"href":"https:\/\/www.dwarsloeper.org\/wordpress\/wp-json\/wp\/v2\/users\/1"}],"replies":[{"embeddable":true,"href":"https:\/\/www.dwarsloeper.org\/wordpress\/wp-json\/wp\/v2\/comments?post=38"}],"version-history":[{"count":65,"href":"https:\/\/www.dwarsloeper.org\/wordpress\/wp-json\/wp\/v2\/pages\/38\/revisions"}],"predecessor-version":[{"id":1206,"href":"https:\/\/www.dwarsloeper.org\/wordpress\/wp-json\/wp\/v2\/pages\/38\/revisions\/1206"}],"wp:attachment":[{"href":"https:\/\/www.dwarsloeper.org\/wordpress\/wp-json\/wp\/v2\/media?parent=38"}],"curies":[{"name":"wp","href":"https:\/\/api.w.org\/{rel}","templated":true}]}}