{"id":40,"date":"2017-09-29T11:49:05","date_gmt":"2017-09-29T09:49:05","guid":{"rendered":"http:\/\/www.dwarsloeper.org\/wordpress\/?page_id=40"},"modified":"2018-04-12T14:48:40","modified_gmt":"2018-04-12T12:48:40","slug":"kontaktimpressum","status":"publish","type":"page","link":"https:\/\/www.dwarsloeper.org\/wordpress\/kontaktimpressum\/","title":{"rendered":"Kontakt\/Impressum"},"content":{"rendered":"<p>Wenn Sie mit uns Kontakt aufnehmen wollen, so finden Sie hier die Angaben zum Vorstand des Vereins<\/p>\n<p><strong>Seepfadfinderstamm Dwarsl\u00f6per e.V.<\/strong><\/p>\n<p>Dr. Bj\u00f6rn Schallock (Vorsitzender)<br \/>\nc\/o Kornweg 25<br \/>\nD-23569 L\u00fcbeck<br \/>\n<a href=\"mailto:Vorstand@dwarsloeper.org\">Hier klicken, um dem Vorstand eine Mail zu schreiben!<\/a><\/p>\n<p>Weitere Mitglieder des Vorstands:<br \/>\nUlrike Schallock (Finanzen)<br \/>\nMalte Sch\u00fcler (Gesch\u00e4ftsf\u00fchrer)<\/p>\n<p>Bankverbindung des Stammes:<br \/>\nIBAN: DE02213522400134943802<br \/>\nKto.Nr. 134943802, BLZ: 213 522 40 (Sparkasse Holstein)<\/p>\n","protected":false},"excerpt":{"rendered":"<p>Wenn Sie mit uns Kontakt aufnehmen wollen, so finden Sie hier die Angaben zum Vorstand des Vereins Seepfadfinderstamm Dwarsl\u00f6per e.V. Dr. Bj\u00f6rn Schallock (Vorsitzender) c\/o Kornweg 25 D-23569 L\u00fcbeck Hier klicken, um dem Vorstand eine Mail zu schreiben! Weitere Mitglieder des Vorstands: Ulrike Schallock (Finanzen) Malte Sch\u00fcler (Gesch\u00e4ftsf\u00fchrer) Bankverbindung des Stammes: IBAN: DE02213522400134943802 Kto.Nr. 134943802, &hellip; <a href=\"https:\/\/www.dwarsloeper.org\/wordpress\/kontaktimpressum\/\" class=\"more-link\"><span class=\"screen-reader-text\">Kontakt\/Impressum<\/span> weiterlesen <span class=\"meta-nav\">&rarr;<\/span><\/a><\/p>\n","protected":false},"author":1,"featured_media":0,"parent":0,"menu_order":0,"comment_status":"closed","ping_status":"closed","template":"","meta":{"footnotes":""},"class_list":["post-40","page","type-page","status-publish","hentry"],"_links":{"self":[{"href":"https:\/\/www.dwarsloeper.org\/wordpress\/wp-json\/wp\/v2\/pages\/40","targetHints":{"allow":["GET"]}}],"collection":[{"href":"https:\/\/www.dwarsloeper.org\/wordpress\/wp-json\/wp\/v2\/pages"}],"about":[{"href":"https:\/\/www.dwarsloeper.org\/wordpress\/wp-json\/wp\/v2\/types\/page"}],"author":[{"embeddable":true,"href":"https:\/\/www.dwarsloeper.org\/wordpress\/wp-json\/wp\/v2\/users\/1"}],"replies":[{"embeddable":true,"href":"https:\/\/www.dwarsloeper.org\/wordpress\/wp-json\/wp\/v2\/comments?post=40"}],"version-history":[{"count":4,"href":"https:\/\/www.dwarsloeper.org\/wordpress\/wp-json\/wp\/v2\/pages\/40\/revisions"}],"predecessor-version":[{"id":394,"href":"https:\/\/www.dwarsloeper.org\/wordpress\/wp-json\/wp\/v2\/pages\/40\/revisions\/394"}],"wp:attachment":[{"href":"https:\/\/www.dwarsloeper.org\/wordpress\/wp-json\/wp\/v2\/media?parent=40"}],"curies":[{"name":"wp","href":"https:\/\/api.w.org\/{rel}","templated":true}]}}